{"id":46,"date":"2023-11-22T13:11:26","date_gmt":"2023-11-22T12:11:26","guid":{"rendered":"https:\/\/www.bella-luna.fr\/web\/?page_id=46"},"modified":"2023-11-23T17:07:00","modified_gmt":"2023-11-23T16:07:00","slug":"decoration-de-votre-interieur","status":"publish","type":"page","link":"https:\/\/www.bella-luna.fr\/web\/decoration-de-votre-interieur\/","title":{"rendered":"D\u00c9CORATION de votre INT\u00c9RIEUR"},"content":{"rendered":"<div class=\"wp-block-image\">\n<figure data-wp-context=\"{&quot;imageId&quot;:&quot;69fc8eef1cdbf&quot;}\" data-wp-interactive=\"core\/image\" data-wp-key=\"69fc8eef1cdbf\" class=\"aligncenter size-full wp-lightbox-container\"><img loading=\"lazy\" decoding=\"async\" width=\"1800\" height=\"800\" data-wp-class--hide=\"state.isContentHidden\" data-wp-class--show=\"state.isContentVisible\" data-wp-init=\"callbacks.setButtonStyles\" data-wp-on--click=\"actions.showLightbox\" data-wp-on--load=\"callbacks.setButtonStyles\" data-wp-on-window--resize=\"callbacks.setButtonStyles\" src=\"https:\/\/www.bella-luna.fr\/web\/wp-content\/uploads\/2023\/11\/atelier-bella-luna-bandeau-05.jpg\" alt=\"atelier bella luna bandeau 05\" class=\"wp-image-121\" srcset=\"https:\/\/www.bella-luna.fr\/web\/wp-content\/uploads\/2023\/11\/atelier-bella-luna-bandeau-05.jpg 1800w, https:\/\/www.bella-luna.fr\/web\/wp-content\/uploads\/2023\/11\/atelier-bella-luna-bandeau-05-300x133.jpg 300w, https:\/\/www.bella-luna.fr\/web\/wp-content\/uploads\/2023\/11\/atelier-bella-luna-bandeau-05-1024x455.jpg 1024w, https:\/\/www.bella-luna.fr\/web\/wp-content\/uploads\/2023\/11\/atelier-bella-luna-bandeau-05-768x341.jpg 768w, https:\/\/www.bella-luna.fr\/web\/wp-content\/uploads\/2023\/11\/atelier-bella-luna-bandeau-05-1536x683.jpg 1536w\" sizes=\"auto, (max-width: 1800px) 100vw, 1800px\" \/><button\n\t\t\tclass=\"lightbox-trigger\"\n\t\t\ttype=\"button\"\n\t\t\taria-haspopup=\"dialog\"\n\t\t\taria-label=\"Agrandir\"\n\t\t\tdata-wp-init=\"callbacks.initTriggerButton\"\n\t\t\tdata-wp-on--click=\"actions.showLightbox\"\n\t\t\tdata-wp-style--right=\"state.imageButtonRight\"\n\t\t\tdata-wp-style--top=\"state.imageButtonTop\"\n\t\t>\n\t\t\t<svg xmlns=\"http:\/\/www.w3.org\/2000\/svg\" width=\"12\" height=\"12\" fill=\"none\" viewBox=\"0 0 12 12\">\n\t\t\t\t<path fill=\"#fff\" d=\"M2 0a2 2 0 0 0-2 2v2h1.5V2a.5.5 0 0 1 .5-.5h2V0H2Zm2 10.5H2a.5.5 0 0 1-.5-.5V8H0v2a2 2 0 0 0 2 2h2v-1.5ZM8 12v-1.5h2a.5.5 0 0 0 .5-.5V8H12v2a2 2 0 0 1-2 2H8Zm2-12a2 2 0 0 1 2 2v2h-1.5V2a.5.5 0 0 0-.5-.5H8V0h2Z\" \/>\n\t\t\t<\/svg>\n\t\t<\/button><\/figure>\n<\/div>\n\n\n<p class=\"has-text-align-center\">Je confectionne sur mesure&nbsp;:<br><strong>\u2022 Vos voilages<br>\u2022 Vos rideaux<\/strong> (doubl\u00e9s et contre doubl\u00e9s) avec le choix de plis entre&nbsp;:<br>&#8211; plis pinc\u00e9s simples ou doubl\u00e9s,<br>&#8211; plis cousus simples, doubl\u00e9s ou tripl\u00e9s,<br>&#8211; plis flamands doubles ou triples,<br>&#8211; plis flamands ouverts en cornet,<br>&#8211; plis en tuyau d\u2019orgue.<br><strong>\u2022 Vos t\u00eates de lit<\/strong><br><br>J\u2019interviens sur les d\u00e9partements des <strong>Landes<\/strong> et des <strong>Pyr\u00e9n\u00e9es Atlantiques<\/strong>. Je suis \u00e0 votre disposition pour \u00e9tudier votre projet et trouver ensemble le tissu qui correspondra pour le mieux \u00e0 votre int\u00e9rieur et vos envies.<\/p>\n\n\n\n<hr class=\"wp-block-separator has-text-color has-luminous-vivid-amber-color has-alpha-channel-opacity has-luminous-vivid-amber-background-color has-background is-style-wide\"\/>\n\n\n\n<h2 class=\"wp-block-heading has-text-align-center\"><mark style=\"background-color:rgba(0, 0, 0, 0)\" class=\"has-inline-color has-luminous-vivid-amber-color\">Exemple de confection de rideau<\/mark><\/h2>\n\n\n\n<p class=\"has-text-align-center\"><div class=\"rl-gallery-container rl-loading\" id=\"rl-gallery-container-1\" data-gallery_id=\"181\"> <div class=\"rl-gallery rl-basicmasonry-gallery rl-hover-effect-1 rl-hover-icon-2\" id=\"rl-gallery-1\" data-gallery_no=\"1\"> <div class=\"rl-gutter-sizer\"><\/div><div class=\"rl-grid-sizer\"><\/div> <div class=\"rl-gallery-item rl-gallery-item-width-4\" > <div class=\"rl-gallery-item-content\"> <a href=\"https:\/\/www.bella-luna.fr\/web\/wp-content\/uploads\/2023\/11\/atelier-bella-luna-rideau-01.jpg\" title=\"\" data-rl_title=\"\" class=\"rl-gallery-link\" data-rl_caption=\"\" data-rel=\"lightbox-gallery-1\"><img loading=\"lazy\" decoding=\"async\" src=\"https:\/\/www.bella-luna.fr\/web\/wp-content\/uploads\/2023\/11\/atelier-bella-luna-rideau-01.jpg\" width=\"800\" height=\"800\" alt=\"atelier bella luna rideau 01\" \/><\/a> <\/div> <\/div> <div class=\"rl-gallery-item\" > <div class=\"rl-gallery-item-content\"> <a href=\"https:\/\/www.bella-luna.fr\/web\/wp-content\/uploads\/2023\/11\/atelier-bella-luna-rideau-02.jpg\" title=\"\" data-rl_title=\"\" class=\"rl-gallery-link\" data-rl_caption=\"\" data-rel=\"lightbox-gallery-1\"><img loading=\"lazy\" decoding=\"async\" src=\"https:\/\/www.bella-luna.fr\/web\/wp-content\/uploads\/2023\/11\/atelier-bella-luna-rideau-02.jpg\" width=\"800\" height=\"800\" alt=\"atelier bella luna rideau 02\" \/><\/a> <\/div> <\/div> <div class=\"rl-gallery-item\" > <div class=\"rl-gallery-item-content\"> <a href=\"https:\/\/www.bella-luna.fr\/web\/wp-content\/uploads\/2023\/11\/atelier-bella-luna-rideau-03.jpg\" title=\"\" data-rl_title=\"\" class=\"rl-gallery-link\" data-rl_caption=\"\" data-rel=\"lightbox-gallery-1\"><img loading=\"lazy\" decoding=\"async\" src=\"https:\/\/www.bella-luna.fr\/web\/wp-content\/uploads\/2023\/11\/atelier-bella-luna-rideau-03.jpg\" width=\"800\" height=\"800\" alt=\"atelier bella luna rideau 03\" \/><\/a> <\/div> <\/div> <div class=\"rl-gallery-item\" > <div class=\"rl-gallery-item-content\"> <a href=\"https:\/\/www.bella-luna.fr\/web\/wp-content\/uploads\/2023\/11\/atelier-bella-luna-rideau-04.jpg\" title=\"\" data-rl_title=\"\" class=\"rl-gallery-link\" data-rl_caption=\"\" data-rel=\"lightbox-gallery-1\"><img loading=\"lazy\" decoding=\"async\" src=\"https:\/\/www.bella-luna.fr\/web\/wp-content\/uploads\/2023\/11\/atelier-bella-luna-rideau-04.jpg\" width=\"800\" height=\"800\" alt=\"atelier bella luna rideau 04\" \/><\/a> <\/div> <\/div> <div class=\"rl-gallery-item\" > <div class=\"rl-gallery-item-content\"> <a href=\"https:\/\/www.bella-luna.fr\/web\/wp-content\/uploads\/2023\/11\/atelier-bella-luna-rideau-05.jpg\" title=\"\" data-rl_title=\"\" class=\"rl-gallery-link\" data-rl_caption=\"\" data-rel=\"lightbox-gallery-1\"><img loading=\"lazy\" decoding=\"async\" src=\"https:\/\/www.bella-luna.fr\/web\/wp-content\/uploads\/2023\/11\/atelier-bella-luna-rideau-05.jpg\" width=\"800\" height=\"800\" alt=\"atelier bella luna rideau 05\" \/><\/a> <\/div> <\/div> <div class=\"rl-gallery-item\" > <div class=\"rl-gallery-item-content\"> <a href=\"https:\/\/www.bella-luna.fr\/web\/wp-content\/uploads\/2023\/11\/atelier-bella-luna-rideau-06.jpg\" title=\"\" data-rl_title=\"\" class=\"rl-gallery-link\" data-rl_caption=\"\" data-rel=\"lightbox-gallery-1\"><img loading=\"lazy\" decoding=\"async\" src=\"https:\/\/www.bella-luna.fr\/web\/wp-content\/uploads\/2023\/11\/atelier-bella-luna-rideau-06.jpg\" width=\"800\" height=\"800\" alt=\"atelier bella luna rideau 06\" \/><\/a> <\/div> <\/div> <div class=\"rl-gallery-item\" > <div class=\"rl-gallery-item-content\"> <a href=\"https:\/\/www.bella-luna.fr\/web\/wp-content\/uploads\/2023\/11\/atelier-bella-luna-rideau-07.jpg\" title=\"\" data-rl_title=\"\" class=\"rl-gallery-link\" data-rl_caption=\"\" data-rel=\"lightbox-gallery-1\"><img loading=\"lazy\" decoding=\"async\" src=\"https:\/\/www.bella-luna.fr\/web\/wp-content\/uploads\/2023\/11\/atelier-bella-luna-rideau-07.jpg\" width=\"800\" height=\"800\" alt=\"atelier bella luna rideau 07\" \/><\/a> <\/div> <\/div> <div class=\"rl-gallery-item\" > <div class=\"rl-gallery-item-content\"> <a href=\"https:\/\/www.bella-luna.fr\/web\/wp-content\/uploads\/2023\/11\/atelier-bella-luna-rideau-08.jpg\" title=\"\" data-rl_title=\"\" class=\"rl-gallery-link\" data-rl_caption=\"\" data-rel=\"lightbox-gallery-1\"><img loading=\"lazy\" decoding=\"async\" src=\"https:\/\/www.bella-luna.fr\/web\/wp-content\/uploads\/2023\/11\/atelier-bella-luna-rideau-08.jpg\" width=\"800\" height=\"800\" alt=\"atelier bella luna rideau 08\" \/><\/a> <\/div> <\/div> <div class=\"rl-gallery-item\" > <div class=\"rl-gallery-item-content\"> <a href=\"https:\/\/www.bella-luna.fr\/web\/wp-content\/uploads\/2023\/11\/atelier-bella-luna-rideau-09.jpg\" title=\"\" data-rl_title=\"\" class=\"rl-gallery-link\" data-rl_caption=\"\" data-rel=\"lightbox-gallery-1\"><img loading=\"lazy\" decoding=\"async\" src=\"https:\/\/www.bella-luna.fr\/web\/wp-content\/uploads\/2023\/11\/atelier-bella-luna-rideau-09.jpg\" width=\"800\" height=\"800\" alt=\"atelier bella luna rideau 09\" \/><\/a> <\/div> <\/div> <div class=\"rl-gallery-item\" > <div class=\"rl-gallery-item-content\"> <a href=\"https:\/\/www.bella-luna.fr\/web\/wp-content\/uploads\/2023\/11\/atelier-bella-luna-rideau-11.jpg\" title=\"\" data-rl_title=\"\" class=\"rl-gallery-link\" data-rl_caption=\"\" data-rel=\"lightbox-gallery-1\"><img loading=\"lazy\" decoding=\"async\" src=\"https:\/\/www.bella-luna.fr\/web\/wp-content\/uploads\/2023\/11\/atelier-bella-luna-rideau-11.jpg\" width=\"800\" height=\"800\" alt=\"atelier bella luna rideau 11\" \/><\/a> <\/div> <\/div> <\/div> <\/div><\/p>\n\n\n\n<hr class=\"wp-block-separator has-text-color has-luminous-vivid-amber-color has-alpha-channel-opacity has-luminous-vivid-amber-background-color has-background is-style-wide\"\/>\n\n\n\n<h2 class=\"wp-block-heading has-text-align-center\"><mark style=\"background-color:rgba(0, 0, 0, 0)\" class=\"has-inline-color has-luminous-vivid-amber-color\">Exemple de r\u00e9novation d&rsquo;une t\u00eate de lit<\/mark><\/h2>\n\n\n\n<p class=\"has-text-align-center\"><div class=\"rl-gallery-container rl-loading\" id=\"rl-gallery-container-2\" data-gallery_id=\"191\"> <div class=\"rl-gallery rl-basicmasonry-gallery rl-hover-effect-1 rl-hover-icon-2\" id=\"rl-gallery-2\" data-gallery_no=\"2\"> <div class=\"rl-gutter-sizer\"><\/div><div class=\"rl-grid-sizer\"><\/div> <div class=\"rl-gallery-item rl-gallery-item-width-4\" > <div class=\"rl-gallery-item-content\"> <a href=\"https:\/\/www.bella-luna.fr\/web\/wp-content\/uploads\/2023\/11\/atelier-bella-luna-tete-de-lit-101.jpg\" title=\"\" data-rl_title=\"\" class=\"rl-gallery-link\" data-rl_caption=\"\" data-rel=\"lightbox-gallery-2\"><img loading=\"lazy\" decoding=\"async\" src=\"https:\/\/www.bella-luna.fr\/web\/wp-content\/uploads\/2023\/11\/atelier-bella-luna-tete-de-lit-101.jpg\" width=\"800\" height=\"800\" alt=\"atelier bella luna tete de lit 101\" \/><\/a> <\/div> <\/div> <div class=\"rl-gallery-item\" > <div class=\"rl-gallery-item-content\"> <a href=\"https:\/\/www.bella-luna.fr\/web\/wp-content\/uploads\/2023\/11\/atelier-bella-luna-tete-de-lit-103.jpg\" title=\"\" data-rl_title=\"\" class=\"rl-gallery-link\" data-rl_caption=\"\" data-rel=\"lightbox-gallery-2\"><img loading=\"lazy\" decoding=\"async\" src=\"https:\/\/www.bella-luna.fr\/web\/wp-content\/uploads\/2023\/11\/atelier-bella-luna-tete-de-lit-103.jpg\" width=\"800\" height=\"800\" alt=\"atelier bella luna tete de lit 103\" \/><\/a> <\/div> <\/div> <div class=\"rl-gallery-item\" > <div class=\"rl-gallery-item-content\"> <a href=\"https:\/\/www.bella-luna.fr\/web\/wp-content\/uploads\/2023\/11\/atelier-bella-luna-tete-de-lit-104.jpg\" title=\"\" data-rl_title=\"\" class=\"rl-gallery-link\" data-rl_caption=\"\" data-rel=\"lightbox-gallery-2\"><img loading=\"lazy\" decoding=\"async\" src=\"https:\/\/www.bella-luna.fr\/web\/wp-content\/uploads\/2023\/11\/atelier-bella-luna-tete-de-lit-104.jpg\" width=\"800\" height=\"800\" alt=\"atelier bella luna tete de lit 104\" \/><\/a> <\/div> <\/div> <div class=\"rl-gallery-item\" > <div class=\"rl-gallery-item-content\"> <a href=\"https:\/\/www.bella-luna.fr\/web\/wp-content\/uploads\/2023\/11\/atelier-bella-luna-tete-de-lit-105.jpg\" title=\"\" data-rl_title=\"\" class=\"rl-gallery-link\" data-rl_caption=\"\" data-rel=\"lightbox-gallery-2\"><img loading=\"lazy\" decoding=\"async\" src=\"https:\/\/www.bella-luna.fr\/web\/wp-content\/uploads\/2023\/11\/atelier-bella-luna-tete-de-lit-105.jpg\" width=\"800\" height=\"800\" alt=\"atelier bella luna tete de lit 105\" \/><\/a> <\/div> <\/div> <div class=\"rl-gallery-item\" > <div class=\"rl-gallery-item-content\"> <a href=\"https:\/\/www.bella-luna.fr\/web\/wp-content\/uploads\/2023\/11\/atelier-bella-luna-tete-de-lit-106.jpg\" title=\"\" data-rl_title=\"\" class=\"rl-gallery-link\" data-rl_caption=\"\" data-rel=\"lightbox-gallery-2\"><img loading=\"lazy\" decoding=\"async\" src=\"https:\/\/www.bella-luna.fr\/web\/wp-content\/uploads\/2023\/11\/atelier-bella-luna-tete-de-lit-106.jpg\" width=\"800\" height=\"800\" alt=\"atelier bella luna tete de lit 106\" \/><\/a> <\/div> <\/div> <\/div> <\/div><\/p>\n\n\n\n<figure data-wp-context=\"{&quot;imageId&quot;:&quot;69fc8eef1ec1b&quot;}\" data-wp-interactive=\"core\/image\" data-wp-key=\"69fc8eef1ec1b\" class=\"wp-block-image size-full wp-lightbox-container\"><img loading=\"lazy\" decoding=\"async\" width=\"1800\" height=\"1200\" data-wp-class--hide=\"state.isContentHidden\" data-wp-class--show=\"state.isContentVisible\" data-wp-init=\"callbacks.setButtonStyles\" data-wp-on--click=\"actions.showLightbox\" data-wp-on--load=\"callbacks.setButtonStyles\" data-wp-on-window--resize=\"callbacks.setButtonStyles\" src=\"https:\/\/www.bella-luna.fr\/web\/wp-content\/uploads\/2023\/11\/atelier-bella-luna-tete-de-lit-107.jpg\" alt=\"atelier bella luna tete de lit 107\" class=\"wp-image-116\" srcset=\"https:\/\/www.bella-luna.fr\/web\/wp-content\/uploads\/2023\/11\/atelier-bella-luna-tete-de-lit-107.jpg 1800w, https:\/\/www.bella-luna.fr\/web\/wp-content\/uploads\/2023\/11\/atelier-bella-luna-tete-de-lit-107-300x200.jpg 300w, https:\/\/www.bella-luna.fr\/web\/wp-content\/uploads\/2023\/11\/atelier-bella-luna-tete-de-lit-107-1024x683.jpg 1024w, https:\/\/www.bella-luna.fr\/web\/wp-content\/uploads\/2023\/11\/atelier-bella-luna-tete-de-lit-107-768x512.jpg 768w, https:\/\/www.bella-luna.fr\/web\/wp-content\/uploads\/2023\/11\/atelier-bella-luna-tete-de-lit-107-1536x1024.jpg 1536w\" sizes=\"auto, (max-width: 1800px) 100vw, 1800px\" \/><button\n\t\t\tclass=\"lightbox-trigger\"\n\t\t\ttype=\"button\"\n\t\t\taria-haspopup=\"dialog\"\n\t\t\taria-label=\"Agrandir\"\n\t\t\tdata-wp-init=\"callbacks.initTriggerButton\"\n\t\t\tdata-wp-on--click=\"actions.showLightbox\"\n\t\t\tdata-wp-style--right=\"state.imageButtonRight\"\n\t\t\tdata-wp-style--top=\"state.imageButtonTop\"\n\t\t>\n\t\t\t<svg xmlns=\"http:\/\/www.w3.org\/2000\/svg\" width=\"12\" height=\"12\" fill=\"none\" viewBox=\"0 0 12 12\">\n\t\t\t\t<path fill=\"#fff\" d=\"M2 0a2 2 0 0 0-2 2v2h1.5V2a.5.5 0 0 1 .5-.5h2V0H2Zm2 10.5H2a.5.5 0 0 1-.5-.5V8H0v2a2 2 0 0 0 2 2h2v-1.5ZM8 12v-1.5h2a.5.5 0 0 0 .5-.5V8H12v2a2 2 0 0 1-2 2H8Zm2-12a2 2 0 0 1 2 2v2h-1.5V2a.5.5 0 0 0-.5-.5H8V0h2Z\" \/>\n\t\t\t<\/svg>\n\t\t<\/button><\/figure>\n\n\n\n<hr class=\"wp-block-separator has-text-color has-luminous-vivid-amber-color has-alpha-channel-opacity has-luminous-vivid-amber-background-color has-background is-style-wide\"\/>\n","protected":false},"excerpt":{"rendered":"<p>Je confectionne sur mesure vos voilages, rideaux et t\u00eates de lit &#8230;<\/p>\n","protected":false},"author":1,"featured_media":121,"parent":0,"menu_order":0,"comment_status":"closed","ping_status":"closed","template":"template-fullwidth.php","meta":{"footnotes":""},"class_list":["post-46","page","type-page","status-publish","has-post-thumbnail","hentry"],"yoast_head":"<!-- This site is optimized with the Yoast SEO plugin v27.0 - https:\/\/yoast.com\/product\/yoast-seo-wordpress\/ -->\n<title>D\u00c9CORATION de votre INT\u00c9RIEUR - Atelier Bella Luna<\/title>\n<meta name=\"robots\" content=\"index, follow, max-snippet:-1, max-image-preview:large, max-video-preview:-1\" \/>\n<link rel=\"canonical\" href=\"https:\/\/www.bella-luna.fr\/web\/decoration-de-votre-interieur\/\" \/>\n<meta property=\"og:locale\" content=\"fr_FR\" \/>\n<meta property=\"og:type\" content=\"article\" \/>\n<meta property=\"og:title\" content=\"D\u00c9CORATION de votre INT\u00c9RIEUR - Atelier Bella Luna\" \/>\n<meta property=\"og:description\" content=\"Je confectionne sur mesure vos voilages, rideaux et t\u00eates de lit ...\" \/>\n<meta property=\"og:url\" content=\"https:\/\/www.bella-luna.fr\/web\/decoration-de-votre-interieur\/\" \/>\n<meta property=\"og:site_name\" content=\"Atelier Bella Luna\" \/>\n<meta property=\"article:publisher\" content=\"https:\/\/www.facebook.com\/profile.php?id=61553434523117&amp;locale=fr_FR\" \/>\n<meta property=\"article:modified_time\" content=\"2023-11-23T16:07:00+00:00\" \/>\n<meta property=\"og:image\" content=\"https:\/\/www.bella-luna.fr\/web\/wp-content\/uploads\/2023\/11\/atelier-bella-luna-bandeau-05.jpg\" \/>\n\t<meta property=\"og:image:width\" content=\"1800\" \/>\n\t<meta property=\"og:image:height\" content=\"800\" \/>\n\t<meta property=\"og:image:type\" content=\"image\/jpeg\" \/>\n<meta name=\"twitter:card\" content=\"summary_large_image\" \/>\n<meta name=\"twitter:site\" content=\"@Anne_Bella_Luna\" \/>\n<meta name=\"twitter:label1\" content=\"Dur\u00e9e de lecture estim\u00e9e\" \/>\n\t<meta name=\"twitter:data1\" content=\"1 minute\" \/>\n<script type=\"application\/ld+json\" class=\"yoast-schema-graph\">{\"@context\":\"https:\/\/schema.org\",\"@graph\":[{\"@type\":\"WebPage\",\"@id\":\"https:\/\/www.bella-luna.fr\/web\/decoration-de-votre-interieur\/\",\"url\":\"https:\/\/www.bella-luna.fr\/web\/decoration-de-votre-interieur\/\",\"name\":\"D\u00c9CORATION de votre INT\u00c9RIEUR - Atelier Bella Luna\",\"isPartOf\":{\"@id\":\"https:\/\/www.bella-luna.fr\/web\/#website\"},\"primaryImageOfPage\":{\"@id\":\"https:\/\/www.bella-luna.fr\/web\/decoration-de-votre-interieur\/#primaryimage\"},\"image\":{\"@id\":\"https:\/\/www.bella-luna.fr\/web\/decoration-de-votre-interieur\/#primaryimage\"},\"thumbnailUrl\":\"https:\/\/www.bella-luna.fr\/web\/wp-content\/uploads\/2023\/11\/atelier-bella-luna-bandeau-05.jpg\",\"datePublished\":\"2023-11-22T12:11:26+00:00\",\"dateModified\":\"2023-11-23T16:07:00+00:00\",\"breadcrumb\":{\"@id\":\"https:\/\/www.bella-luna.fr\/web\/decoration-de-votre-interieur\/#breadcrumb\"},\"inLanguage\":\"fr-FR\",\"potentialAction\":[{\"@type\":\"ReadAction\",\"target\":[\"https:\/\/www.bella-luna.fr\/web\/decoration-de-votre-interieur\/\"]}]},{\"@type\":\"ImageObject\",\"inLanguage\":\"fr-FR\",\"@id\":\"https:\/\/www.bella-luna.fr\/web\/decoration-de-votre-interieur\/#primaryimage\",\"url\":\"https:\/\/www.bella-luna.fr\/web\/wp-content\/uploads\/2023\/11\/atelier-bella-luna-bandeau-05.jpg\",\"contentUrl\":\"https:\/\/www.bella-luna.fr\/web\/wp-content\/uploads\/2023\/11\/atelier-bella-luna-bandeau-05.jpg\",\"width\":1800,\"height\":800,\"caption\":\"atelier bella luna bandeau 05\"},{\"@type\":\"BreadcrumbList\",\"@id\":\"https:\/\/www.bella-luna.fr\/web\/decoration-de-votre-interieur\/#breadcrumb\",\"itemListElement\":[{\"@type\":\"ListItem\",\"position\":1,\"name\":\"Accueil\",\"item\":\"https:\/\/www.bella-luna.fr\/web\/\"},{\"@type\":\"ListItem\",\"position\":2,\"name\":\"D\u00c9CORATION de votre INT\u00c9RIEUR\"}]},{\"@type\":\"WebSite\",\"@id\":\"https:\/\/www.bella-luna.fr\/web\/#website\",\"url\":\"https:\/\/www.bella-luna.fr\/web\/\",\"name\":\"Atelier Bella Luna\",\"description\":\"Tapissi\u00e8re-d\u00e9coratrice\",\"publisher\":{\"@id\":\"https:\/\/www.bella-luna.fr\/web\/#organization\"},\"potentialAction\":[{\"@type\":\"SearchAction\",\"target\":{\"@type\":\"EntryPoint\",\"urlTemplate\":\"https:\/\/www.bella-luna.fr\/web\/?s={search_term_string}\"},\"query-input\":{\"@type\":\"PropertyValueSpecification\",\"valueRequired\":true,\"valueName\":\"search_term_string\"}}],\"inLanguage\":\"fr-FR\"},{\"@type\":\"Organization\",\"@id\":\"https:\/\/www.bella-luna.fr\/web\/#organization\",\"name\":\"Atelier Bella Luna\",\"url\":\"https:\/\/www.bella-luna.fr\/web\/\",\"logo\":{\"@type\":\"ImageObject\",\"inLanguage\":\"fr-FR\",\"@id\":\"https:\/\/www.bella-luna.fr\/web\/#\/schema\/logo\/image\/\",\"url\":\"https:\/\/www.bella-luna.fr\/web\/wp-content\/uploads\/2023\/11\/Atelier-Bella-Luna_logo_300x170px.png\",\"contentUrl\":\"https:\/\/www.bella-luna.fr\/web\/wp-content\/uploads\/2023\/11\/Atelier-Bella-Luna_logo_300x170px.png\",\"width\":300,\"height\":170,\"caption\":\"Atelier Bella Luna\"},\"image\":{\"@id\":\"https:\/\/www.bella-luna.fr\/web\/#\/schema\/logo\/image\/\"},\"sameAs\":[\"https:\/\/www.facebook.com\/profile.php?id=61553434523117&locale=fr_FR\",\"https:\/\/x.com\/Anne_Bella_Luna\",\"https:\/\/www.linkedin.com\/in\/anne-ngono-leconte-920241320\/\",\"https:\/\/fr.pinterest.com\/Atelier_Bella_Luna\/\",\"https:\/\/www.instagram.com\/atelier_bellaluna\/\"]}]}<\/script>\n<!-- \/ Yoast SEO plugin. -->","yoast_head_json":{"title":"D\u00c9CORATION de votre INT\u00c9RIEUR - Atelier Bella Luna","robots":{"index":"index","follow":"follow","max-snippet":"max-snippet:-1","max-image-preview":"max-image-preview:large","max-video-preview":"max-video-preview:-1"},"canonical":"https:\/\/www.bella-luna.fr\/web\/decoration-de-votre-interieur\/","og_locale":"fr_FR","og_type":"article","og_title":"D\u00c9CORATION de votre INT\u00c9RIEUR - Atelier Bella Luna","og_description":"Je confectionne sur mesure vos voilages, rideaux et t\u00eates de lit ...","og_url":"https:\/\/www.bella-luna.fr\/web\/decoration-de-votre-interieur\/","og_site_name":"Atelier Bella Luna","article_publisher":"https:\/\/www.facebook.com\/profile.php?id=61553434523117&locale=fr_FR","article_modified_time":"2023-11-23T16:07:00+00:00","og_image":[{"width":1800,"height":800,"url":"https:\/\/www.bella-luna.fr\/web\/wp-content\/uploads\/2023\/11\/atelier-bella-luna-bandeau-05.jpg","type":"image\/jpeg"}],"twitter_card":"summary_large_image","twitter_site":"@Anne_Bella_Luna","twitter_misc":{"Dur\u00e9e de lecture estim\u00e9e":"1 minute"},"schema":{"@context":"https:\/\/schema.org","@graph":[{"@type":"WebPage","@id":"https:\/\/www.bella-luna.fr\/web\/decoration-de-votre-interieur\/","url":"https:\/\/www.bella-luna.fr\/web\/decoration-de-votre-interieur\/","name":"D\u00c9CORATION de votre INT\u00c9RIEUR - Atelier Bella Luna","isPartOf":{"@id":"https:\/\/www.bella-luna.fr\/web\/#website"},"primaryImageOfPage":{"@id":"https:\/\/www.bella-luna.fr\/web\/decoration-de-votre-interieur\/#primaryimage"},"image":{"@id":"https:\/\/www.bella-luna.fr\/web\/decoration-de-votre-interieur\/#primaryimage"},"thumbnailUrl":"https:\/\/www.bella-luna.fr\/web\/wp-content\/uploads\/2023\/11\/atelier-bella-luna-bandeau-05.jpg","datePublished":"2023-11-22T12:11:26+00:00","dateModified":"2023-11-23T16:07:00+00:00","breadcrumb":{"@id":"https:\/\/www.bella-luna.fr\/web\/decoration-de-votre-interieur\/#breadcrumb"},"inLanguage":"fr-FR","potentialAction":[{"@type":"ReadAction","target":["https:\/\/www.bella-luna.fr\/web\/decoration-de-votre-interieur\/"]}]},{"@type":"ImageObject","inLanguage":"fr-FR","@id":"https:\/\/www.bella-luna.fr\/web\/decoration-de-votre-interieur\/#primaryimage","url":"https:\/\/www.bella-luna.fr\/web\/wp-content\/uploads\/2023\/11\/atelier-bella-luna-bandeau-05.jpg","contentUrl":"https:\/\/www.bella-luna.fr\/web\/wp-content\/uploads\/2023\/11\/atelier-bella-luna-bandeau-05.jpg","width":1800,"height":800,"caption":"atelier bella luna bandeau 05"},{"@type":"BreadcrumbList","@id":"https:\/\/www.bella-luna.fr\/web\/decoration-de-votre-interieur\/#breadcrumb","itemListElement":[{"@type":"ListItem","position":1,"name":"Accueil","item":"https:\/\/www.bella-luna.fr\/web\/"},{"@type":"ListItem","position":2,"name":"D\u00c9CORATION de votre INT\u00c9RIEUR"}]},{"@type":"WebSite","@id":"https:\/\/www.bella-luna.fr\/web\/#website","url":"https:\/\/www.bella-luna.fr\/web\/","name":"Atelier Bella Luna","description":"Tapissi\u00e8re-d\u00e9coratrice","publisher":{"@id":"https:\/\/www.bella-luna.fr\/web\/#organization"},"potentialAction":[{"@type":"SearchAction","target":{"@type":"EntryPoint","urlTemplate":"https:\/\/www.bella-luna.fr\/web\/?s={search_term_string}"},"query-input":{"@type":"PropertyValueSpecification","valueRequired":true,"valueName":"search_term_string"}}],"inLanguage":"fr-FR"},{"@type":"Organization","@id":"https:\/\/www.bella-luna.fr\/web\/#organization","name":"Atelier Bella Luna","url":"https:\/\/www.bella-luna.fr\/web\/","logo":{"@type":"ImageObject","inLanguage":"fr-FR","@id":"https:\/\/www.bella-luna.fr\/web\/#\/schema\/logo\/image\/","url":"https:\/\/www.bella-luna.fr\/web\/wp-content\/uploads\/2023\/11\/Atelier-Bella-Luna_logo_300x170px.png","contentUrl":"https:\/\/www.bella-luna.fr\/web\/wp-content\/uploads\/2023\/11\/Atelier-Bella-Luna_logo_300x170px.png","width":300,"height":170,"caption":"Atelier Bella Luna"},"image":{"@id":"https:\/\/www.bella-luna.fr\/web\/#\/schema\/logo\/image\/"},"sameAs":["https:\/\/www.facebook.com\/profile.php?id=61553434523117&locale=fr_FR","https:\/\/x.com\/Anne_Bella_Luna","https:\/\/www.linkedin.com\/in\/anne-ngono-leconte-920241320\/","https:\/\/fr.pinterest.com\/Atelier_Bella_Luna\/","https:\/\/www.instagram.com\/atelier_bellaluna\/"]}]}},"_links":{"self":[{"href":"https:\/\/www.bella-luna.fr\/web\/wp-json\/wp\/v2\/pages\/46","targetHints":{"allow":["GET"]}}],"collection":[{"href":"https:\/\/www.bella-luna.fr\/web\/wp-json\/wp\/v2\/pages"}],"about":[{"href":"https:\/\/www.bella-luna.fr\/web\/wp-json\/wp\/v2\/types\/page"}],"author":[{"embeddable":true,"href":"https:\/\/www.bella-luna.fr\/web\/wp-json\/wp\/v2\/users\/1"}],"replies":[{"embeddable":true,"href":"https:\/\/www.bella-luna.fr\/web\/wp-json\/wp\/v2\/comments?post=46"}],"version-history":[{"count":10,"href":"https:\/\/www.bella-luna.fr\/web\/wp-json\/wp\/v2\/pages\/46\/revisions"}],"predecessor-version":[{"id":193,"href":"https:\/\/www.bella-luna.fr\/web\/wp-json\/wp\/v2\/pages\/46\/revisions\/193"}],"wp:featuredmedia":[{"embeddable":true,"href":"https:\/\/www.bella-luna.fr\/web\/wp-json\/wp\/v2\/media\/121"}],"wp:attachment":[{"href":"https:\/\/www.bella-luna.fr\/web\/wp-json\/wp\/v2\/media?parent=46"}],"curies":[{"name":"wp","href":"https:\/\/api.w.org\/{rel}","templated":true}]}}